{"id":243,"date":"2020-01-17T21:35:10","date_gmt":"2020-01-17T20:35:10","guid":{"rendered":"http:\/\/farishams.com\/home\/?page_id=243"},"modified":"2023-06-20T14:58:20","modified_gmt":"2023-06-20T12:58:20","slug":"die-insel-2019","status":"publish","type":"page","link":"https:\/\/farishams.com\/home\/die-insel-2019\/","title":{"rendered":"die insel 2019"},"content":{"rendered":"","protected":false},"excerpt":{"rendered":"","protected":false},"author":1,"featured_media":0,"parent":0,"menu_order":9,"comment_status":"closed","ping_status":"closed","template":"","meta":[],"class_list":["post-243","page","type-page","status-publish","hentry"],"grid":"{\r\n  \"colCount\": 12,\r\n  \"colGutter\": 1,\r\n  \"rowGutters\": [\r\n    2,\r\n    2\r\n  ],\r\n  \"frameMargin\": 8,\r\n  \"topFrameMargin\": 75,\r\n  \"bottomFrameMargin\": 5,\r\n  \"rowAttrs\": [\r\n    {},\r\n    {},\r\n    {}\r\n  ],\r\n  \"bgColor\": null,\r\n  \"cont\": [\r\n    {\r\n      \"carousel\": [\r\n        {\r\n          \"type\": \"img\",\r\n          \"attid\": 246,\r\n          \"sizes\": {\r\n            \"_1280\": \"http:\/\/farishams.com\/home\/wp-content\/uploads\/2020\/01\/Bild-004-1280x960.jpg\",\r\n            \"_1024\": \"http:\/\/farishams.com\/home\/wp-content\/uploads\/2020\/01\/Bild-004-1024x768.jpg\",\r\n            \"_768\": \"http:\/\/farishams.com\/home\/wp-content\/uploads\/2020\/01\/Bild-004-768x576.jpg\",\r\n            \"_512\": \"http:\/\/farishams.com\/home\/wp-content\/uploads\/2020\/01\/Bild-004-512x384.jpg\",\r\n            \"_265\": \"http:\/\/farishams.com\/home\/wp-content\/uploads\/2020\/01\/Bild-004-265x199.jpg\",\r\n            \"full\": \"http:\/\/farishams.com\/home\/wp-content\/uploads\/2020\/01\/Bild-004.jpg\"\r\n          },\r\n          \"cont\": \"http:\/\/farishams.com\/home\/wp-content\/uploads\/2020\/01\/Bild-004-1280x960.jpg\",\r\n          \"ar\": 0.75,\r\n          \"ix\": 0,\r\n          \"orientation\": \"landscape\"\r\n        },\r\n        {\r\n          \"type\": \"img\",\r\n          \"attid\": 247,\r\n          \"sizes\": {\r\n            \"_768\": \"http:\/\/farishams.com\/home\/wp-content\/uploads\/2020\/01\/AS_Marl_poster_print_3-1-768x1077.jpg\",\r\n            \"_512\": \"http:\/\/farishams.com\/home\/wp-content\/uploads\/2020\/01\/AS_Marl_poster_print_3-1-512x718.jpg\",\r\n            \"_265\": \"http:\/\/farishams.com\/home\/wp-content\/uploads\/2020\/01\/AS_Marl_poster_print_3-1-265x372.jpg\",\r\n            \"full\": \"http:\/\/farishams.com\/home\/wp-content\/uploads\/2020\/01\/AS_Marl_poster_print_3-1.jpg\"\r\n          },\r\n          \"cont\": \"http:\/\/farishams.com\/home\/wp-content\/uploads\/2020\/01\/AS_Marl_poster_print_3-1-768x1077.jpg\",\r\n          \"ar\": 1.4027954256670903,\r\n          \"ix\": 1,\r\n          \"orientation\": \"portrait\"\r\n        },\r\n        {\r\n          \"type\": \"img\",\r\n          \"attid\": 252,\r\n          \"sizes\": {\r\n            \"_1024\": \"http:\/\/farishams.com\/home\/wp-content\/uploads\/2020\/01\/Bild-003-1024x768.jpg\",\r\n            \"_768\": \"http:\/\/farishams.com\/home\/wp-content\/uploads\/2020\/01\/Bild-003-768x576.jpg\",\r\n            \"_512\": \"http:\/\/farishams.com\/home\/wp-content\/uploads\/2020\/01\/Bild-003-512x384.jpg\",\r\n            \"_265\": \"http:\/\/farishams.com\/home\/wp-content\/uploads\/2020\/01\/Bild-003-265x199.jpg\",\r\n            \"full\": \"http:\/\/farishams.com\/home\/wp-content\/uploads\/2020\/01\/Bild-003.jpg\"\r\n          },\r\n          \"cont\": \"http:\/\/farishams.com\/home\/wp-content\/uploads\/2020\/01\/Bild-003-1024x768.jpg\",\r\n          \"ar\": 0.7502116850127011,\r\n          \"ix\": 2,\r\n          \"orientation\": \"landscape\"\r\n        },\r\n        {\r\n          \"type\": \"img\",\r\n          \"attid\": 248,\r\n          \"sizes\": {\r\n            \"_768\": \"http:\/\/farishams.com\/home\/wp-content\/uploads\/2020\/01\/AS_Marl_poster_print_3-2-768x1077.jpg\",\r\n            \"_512\": \"http:\/\/farishams.com\/home\/wp-content\/uploads\/2020\/01\/AS_Marl_poster_print_3-2-512x718.jpg\",\r\n            \"_265\": \"http:\/\/farishams.com\/home\/wp-content\/uploads\/2020\/01\/AS_Marl_poster_print_3-2-265x372.jpg\",\r\n            \"full\": \"http:\/\/farishams.com\/home\/wp-content\/uploads\/2020\/01\/AS_Marl_poster_print_3-2.jpg\"\r\n          },\r\n          \"cont\": \"http:\/\/farishams.com\/home\/wp-content\/uploads\/2020\/01\/AS_Marl_poster_print_3-2-768x1077.jpg\",\r\n          \"ar\": 1.4027954256670903,\r\n          \"ix\": 3,\r\n          \"orientation\": \"portrait\"\r\n        },\r\n        {\r\n          \"type\": \"img\",\r\n          \"attid\": 250,\r\n          \"sizes\": {\r\n            \"_768\": \"http:\/\/farishams.com\/home\/wp-content\/uploads\/2020\/01\/Bild-001-768x576.jpg\",\r\n            \"_512\": \"http:\/\/farishams.com\/home\/wp-content\/uploads\/2020\/01\/Bild-001-512x384.jpg\",\r\n            \"_265\": \"http:\/\/farishams.com\/home\/wp-content\/uploads\/2020\/01\/Bild-001-265x199.jpg\",\r\n            \"full\": \"http:\/\/farishams.com\/home\/wp-content\/uploads\/2020\/01\/Bild-001.jpg\"\r\n          },\r\n          \"cont\": \"http:\/\/farishams.com\/home\/wp-content\/uploads\/2020\/01\/Bild-001-768x576.jpg\",\r\n          \"ar\": 0.7505643340857788,\r\n          \"ix\": 4,\r\n          \"orientation\": \"landscape\"\r\n        },\r\n        {\r\n          \"type\": \"img\",\r\n          \"attid\": 249,\r\n          \"sizes\": {\r\n            \"_768\": \"http:\/\/farishams.com\/home\/wp-content\/uploads\/2020\/01\/AS_Marl_poster_print_3-3-768x1077.jpg\",\r\n            \"_512\": \"http:\/\/farishams.com\/home\/wp-content\/uploads\/2020\/01\/AS_Marl_poster_print_3-3-512x718.jpg\",\r\n            \"_265\": \"http:\/\/farishams.com\/home\/wp-content\/uploads\/2020\/01\/AS_Marl_poster_print_3-3-265x372.jpg\",\r\n            \"full\": \"http:\/\/farishams.com\/home\/wp-content\/uploads\/2020\/01\/AS_Marl_poster_print_3-3.jpg\"\r\n          },\r\n          \"cont\": \"http:\/\/farishams.com\/home\/wp-content\/uploads\/2020\/01\/AS_Marl_poster_print_3-3-768x1077.jpg\",\r\n          \"ar\": 1.4027954256670903,\r\n          \"ix\": 5,\r\n          \"orientation\": \"portrait\"\r\n        },\r\n        {\r\n          \"type\": \"img\",\r\n          \"attid\": 251,\r\n          \"sizes\": {\r\n            \"_768\": \"http:\/\/farishams.com\/home\/wp-content\/uploads\/2020\/01\/Bild-002-768x1024.jpg\",\r\n            \"_512\": \"http:\/\/farishams.com\/home\/wp-content\/uploads\/2020\/01\/Bild-002-512x682.jpg\",\r\n            \"_265\": \"http:\/\/farishams.com\/home\/wp-content\/uploads\/2020\/01\/Bild-002-265x353.jpg\",\r\n            \"full\": \"http:\/\/farishams.com\/home\/wp-content\/uploads\/2020\/01\/Bild-002.jpg\"\r\n          },\r\n          \"cont\": \"http:\/\/farishams.com\/home\/wp-content\/uploads\/2020\/01\/Bild-002-768x1024.jpg\",\r\n          \"ar\": 1.3329571106094809,\r\n          \"ix\": 6,\r\n          \"orientation\": \"portrait\"\r\n        }\r\n      ],\r\n      \"type\": \"carousel\",\r\n      \"align\": \"bottom\",\r\n      \"carousel_options\": {\r\n        \"random\": false,\r\n        \"autoplay\": false,\r\n        \"customAspectRatioW\": 16,\r\n        \"customAspectRatioH\": 9,\r\n        \"size\": \"aspectRatioOfFirstElement\"\r\n      },\r\n      \"row\": 0,\r\n      \"col\": 0,\r\n      \"colspan\": 12,\r\n      \"offsetx\": 0,\r\n      \"offsety\": 0,\r\n      \"spaceabove\": 0,\r\n      \"spacebelow\": 0,\r\n      \"yvel\": 0,\r\n      \"push\": 0,\r\n      \"relid\": 4,\r\n      \"caption\": \"<p><span style=\\\"font-size: 10px;\\\"><br \/>die insel<br \/>2019<br \/><\/span><span style=\\\"font-size: 10px;\\\">Skulptturmuseum Glaskasten<\/span><br \/><span style=\\\"font-size: 10px;\\\">Fari Shams and Arne Schmitt<\/span><br \/><span style=\\\"font-size: 10px;\\\"><i>Video (68 minutes) and installation<\/i><\/span><i><\/i><\/p>\"\r\n    },\r\n    {\r\n      \"type\": \"text\",\r\n      \"cont\": \"<p><span style=\\\"font-family: helvetica, sans-serif;\\\">'a testing ground for democracy'<\/span><br \/><span style=\\\"font-family: helvetica, sans-serif;\\\">'a place for quiet reflection and downtime from the fast space of industry' <\/span><br \/><span style=\\\"font-family: helvetica, sans-serif;\\\">'a stable position in an ever changing environment, open and accessible from all sides'<\/span><\/p><p><br \/><span style=\\\"font-family: helvetica, sans-serif;\\\">A number of contemporaries have tried to describe the essence of the institution under the enigmatic name \\\"die insel\\\" (the island) - erected in 1955 as home for the educational organisation of the town of Marl. The elegant and open atrium construction was much more than a precursor for the subsequent developments of it\u2019s modern town centre that represented an aspiring industrial town north of the Ruhr region that was nevertheless in the middle of a bare moorland. <\/span><br \/><span style=\\\"font-family: helvetica, sans-serif;\\\">The building was constructed specifically for the purpose of adult education, the first of its kind after the war. Its fame and glory was however, for the most part due to the spirit in which the institution carried out its work, and in turn shaped daily life in this industrial postwar town. The <em>insel<\/em> united Community college, reading room, and Library under one roof. The construction of this building was financed by the prosperous mining industry of the town but its work was facilitated through the engagement and support of full time staff and most importantly volunteers.<\/span><\/p><p><span style=\\\"font-family: helvetica, sans-serif;\\\">The goal of the institution was to offer the citizens of the town of Marl a place to come together, to receive information on a range of topics, to educate themselves, and to engage in various activities in their free time. In the words of Bert Donnepp, who was the driving force behind this institution, the aim of the <em>insel<\/em> was to foster within each citizen, a \u201ccultural consciousness of the town\u201d.<\/span><\/p>\",\r\n      \"align\": \"top\",\r\n      \"row\": 1,\r\n      \"col\": 0,\r\n      \"colspan\": 4,\r\n      \"offsetx\": 0,\r\n      \"offsety\": 0,\r\n      \"spaceabove\": 0,\r\n      \"spacebelow\": 0,\r\n      \"yvel\": 0,\r\n      \"push\": 0,\r\n      \"relid\": 6\r\n    },\r\n    {\r\n      \"type\": \"text\",\r\n      \"cont\": \"<p><span style=\\\"font-family: helvetica, sans-serif;\\\">It was a goal of the<em> insel<\/em> to encourage the heterogenous population of the town, to be critical and actively engaged with regard to their environment and the media, including television and newspapers, that dominated the cultural landscape at the time. Many of these people included refugees and job-seekers who came in their numbers to find work in the mines and in the Chemical factories after the war. In this spirit learning should be a non-hierarchical process, one that resembles a \u201cround table\u201d where the emphasis is placed on a self driven approach and where each individual plays an equal role. <\/span><br \/><br \/><span style=\\\"font-family: helvetica, sans-serif;\\\">The work comprises of a film titled <em>die insel<\/em>, in which Fari Shams and Arne Schmitt tell their story of this institution and with it the history of adult education in post war Germany using their own film material together with archive material from television, radio and the self produced films of <em>die insel<\/em>. These various sources are brought together through a narrative composed entirely from press clippings found in the chronicles of the <em>insel<\/em>. These press clippings retrace the vital relationships between wealth education, and politics that repeatedly manifest themselves throughout the history of the institution.<\/span><\/p><p><span style=\\\"font-family: helvetica, sans-serif;\\\">The spatial aspects of the work as film within an installation salute the fundamental work of the <em>insel<\/em> in bringing people together within a comfortable environment where a conversation may begin.<\/span><\/p><p><span style=\\\"font-family: helvetica, sans-serif;\\\">Photographs by: Achim Kukulies, Du\u0308sseldorf<\/span><\/p><p>\u00a0<\/p>\",\r\n      \"align\": \"top\",\r\n      \"row\": 1,\r\n      \"col\": 4,\r\n      \"colspan\": 4,\r\n      \"offsetx\": 0,\r\n      \"offsety\": 0,\r\n      \"spaceabove\": 0,\r\n      \"spacebelow\": 0,\r\n      \"yvel\": 0,\r\n      \"push\": 0,\r\n      \"relid\": 7\r\n    },\r\n    {\r\n      \"type\": \"text\",\r\n      \"cont\": \"<p><span style=\\\"font-family: helvetica, sans-serif;\\\">\u201eEin \u00dcbungsplatz der Demokratie\u201c <\/span><br \/><span style=\\\"font-family: helvetica, sans-serif;\\\">\u201eBezirk stiller Besinnung und Mu\u00dfe vom industriellen Getriebe\u201c <\/span><br \/><span style=\\\"font-family: helvetica, sans-serif;\\\">\u201eDer feste Platz in der Bewegung, offen und von allen Seiten zug\u00e4nglich, Bez\u00fcge setzend\\\"<\/span><br \/><br \/><span style=\\\"font-family: helvetica, sans-serif;\\\">Eine ganze Reihe von Zeitgenoss*innen versuchten sich an Beschreibungen jenes Hauses mit dem einfachen und doch r\u00e4tselhaften Namen \u201edie insel\u201c \u2013 errichtet als Heim des Bildungswerkes der Stadt Marl im Jahr 1955. Der elegante und offene Atriumbau war nicht nur Vorbote des kommenden modernen Stadtzentrums einer aufstrebenden Industriestadt im n\u00f6rdlichen Ruhrgebiet, der zun\u00e4chst noch isoliert in einer kahlen Heidelandschaft stand. <\/span><br \/><span style=\\\"font-family: helvetica, sans-serif;\\\">Er war auch der erste Neubau f\u00fcr die Erwachsenenbildung in der Bundesrepublik nach Kriegsende. F\u00fcr seinen \u00fcberregionalen Ruhm verantwortlich war jedoch vor allem der spezifische Geist der Arbeit, der dieses Geb\u00e4ude pr\u00e4gte und in den industriellen Nachkriegsalltag hineinwirkte. Volkshochschule, Lesesaal und Stadtbibliothek wurden in der insel programmatisch in einem Geb\u00e4ude vereint. Von der wohlhabenden Bergbaustadt wurde sie durch gro\u00dfz\u00fcgige Finanzierung erm\u00f6glicht, um dann vom ehren- und hauptamtlichen Engagement der Mitarbeiter*innen und H\u00f6rer*innen zum Leben erweckt zu werden.<\/span><\/p>\",\r\n      \"align\": \"top\",\r\n      \"row\": 2,\r\n      \"col\": 0,\r\n      \"colspan\": 4,\r\n      \"offsetx\": 0,\r\n      \"offsety\": 0,\r\n      \"spaceabove\": 0,\r\n      \"spacebelow\": 0,\r\n      \"yvel\": 0,\r\n      \"push\": 0,\r\n      \"relid\": 8\r\n    },\r\n    {\r\n      \"type\": \"text\",\r\n      \"cont\": \"<p><span style=\\\"font-family: helvetica, sans-serif;\\\">Ziel war es, den B\u00fcrger*innen von Marl einen Ort f\u00fcr Bildung und Gemeinschaftlichkeit, zur Informationsbeschaffung und Freizeitgestaltung zu bieten. Ein \u201ekulturelles Stadtbewusstsein\u201c sollte hier entstehen, um es mit den Worten des langj\u00e4hrigen Direktors und Motors Dr. Bert Donnepp zu sagen. Die heterogene Bev\u00f6lkerung \u2013 darunter viele Geflohene und Arbeitsuchende, die nach dem Krieg auf der Suche nach Arbeit in den Zechen und dem Chemiewerk der Stadt zu Tausenden gestrandet waren \u2013 sollte hier angeregt werden, ihrer Umwelt und den Medien im Alltag kritisch zu begegnen und sich so an der Gestaltung der Gesellschaft aktiv zu beteiligen: eine \u201eBildungsdemokratie am runden Tisch\u201c, in der es keine hierarchische Belehrung geben sollte, sondern Hilfe zur Selbsthilfe.<\/span><\/p><p><span style=\\\"font-family: helvetica, sans-serif;\\\">Zentrum der Arbeit ist der Film \u201edie insel\u201c, in dem Fari Shams und Arne Schmitt eigene Filmbilder aus dem heutigen Marl mit Archivmaterial aus Fernsehen, Rundfunk und den an der insel entstandenen Marler Jahresschauen montieren. Verbunden werden die Elemente durch Zitate aus der Presse, die aus der umfangreichen Chronik der insel stammen. Diese zeichnen Bez\u00fcge von Bildung, Politik und Wohlstand nach, die immer wieder in der insel zusammentrafen \u2013 stets den Problemen der Zeit folgend. Hier tauchen auch fr\u00fche Vorboten des Strukturwandels und der sozialen Medien auf, die von den K\u00fcnstler*innen in einer benutzbaren Rauminstallation zur Diskussion gestellt werden.<\/span><\/p><p>\u00a0<\/p><p><span style=\\\"font-family: helvetica, sans-serif;\\\">text Arne Schmitt<\/span><\/p>\",\r\n      \"align\": \"top\",\r\n      \"row\": 2,\r\n      \"col\": 4,\r\n      \"colspan\": 4,\r\n      \"offsetx\": 0,\r\n      \"offsety\": 0,\r\n      \"spaceabove\": 0,\r\n      \"spacebelow\": 0,\r\n      \"yvel\": 0,\r\n      \"push\": 0,\r\n      \"relid\": 9\r\n    }\r\n  ]\r\n}","phonegrid":"","_links":{"self":[{"href":"https:\/\/farishams.com\/home\/wp-json\/wp\/v2\/pages\/243","targetHints":{"allow":["GET"]}}],"collection":[{"href":"https:\/\/farishams.com\/home\/wp-json\/wp\/v2\/pages"}],"about":[{"href":"https:\/\/farishams.com\/home\/wp-json\/wp\/v2\/types\/page"}],"author":[{"embeddable":true,"href":"https:\/\/farishams.com\/home\/wp-json\/wp\/v2\/users\/1"}],"replies":[{"embeddable":true,"href":"https:\/\/farishams.com\/home\/wp-json\/wp\/v2\/comments?post=243"}],"version-history":[{"count":0,"href":"https:\/\/farishams.com\/home\/wp-json\/wp\/v2\/pages\/243\/revisions"}],"wp:attachment":[{"href":"https:\/\/farishams.com\/home\/wp-json\/wp\/v2\/media?parent=243"}],"curies":[{"name":"wp","href":"https:\/\/api.w.org\/{rel}","templated":true}]}}