{"id":73,"date":"2016-09-08T14:54:23","date_gmt":"2016-09-08T12:54:23","guid":{"rendered":"http:\/\/farishams.com\/home\/?page_id=73"},"modified":"2016-09-08T16:11:59","modified_gmt":"2016-09-08T14:11:59","slug":"battery-bandage-scissors","status":"publish","type":"page","link":"https:\/\/farishams.com\/home\/battery-bandage-scissors\/","title":{"rendered":"Battery, Bandage, Scissors"},"content":{"rendered":"","protected":false},"excerpt":{"rendered":"","protected":false},"author":1,"featured_media":0,"parent":0,"menu_order":26,"comment_status":"closed","ping_status":"closed","template":"","meta":[],"class_list":["post-73","page","type-page","status-publish","hentry"],"grid":"{\r\n  \"colCount\": \"12\",\r\n  \"colGutter\": \"1\",\r\n  \"rowGutters\": [],\r\n  \"rowAttrs\": [],\r\n  \"frameMargin\": 8,\r\n  \"topFrameMargin\": 75,\r\n  \"bottomFrameMargin\": \"5\",\r\n  \"bgColor\": null,\r\n  \"cont\": [\r\n    {\r\n      \"carousel\": [\r\n        {\r\n          \"type\": \"img\",\r\n          \"attid\": 74,\r\n          \"sizes\": {\r\n            \"_2560\": \"http:\/\/farishams.com\/home\/wp-content\/uploads\/2016\/09\/2-1-2560x1920.jpg\",\r\n            \"_1920\": \"http:\/\/farishams.com\/home\/wp-content\/uploads\/2016\/09\/2-1-1920x1440.jpg\",\r\n            \"_1280\": \"http:\/\/farishams.com\/home\/wp-content\/uploads\/2016\/09\/2-1-1280x960.jpg\",\r\n            \"_1024\": \"http:\/\/farishams.com\/home\/wp-content\/uploads\/2016\/09\/2-1-1024x768.jpg\",\r\n            \"_768\": \"http:\/\/farishams.com\/home\/wp-content\/uploads\/2016\/09\/2-1-768x576.jpg\",\r\n            \"_512\": \"http:\/\/farishams.com\/home\/wp-content\/uploads\/2016\/09\/2-1-512x384.jpg\",\r\n            \"_265\": \"http:\/\/farishams.com\/home\/wp-content\/uploads\/2016\/09\/2-1-265x199.jpg\",\r\n            \"full\": \"http:\/\/farishams.com\/home\/wp-content\/uploads\/2016\/09\/2-1.jpg\"\r\n          },\r\n          \"cont\": \"http:\/\/farishams.com\/home\/wp-content\/uploads\/2016\/09\/2-1-1920x1440.jpg\",\r\n          \"ar\": 0.7499118165784833,\r\n          \"ix\": 0,\r\n          \"orientation\": \"landscape\",\r\n          \"caption\": \"<p>\u00a0<\/p><p><span style=\\\"font-family: helvetica, sans-serif;\\\">bandage scissors, badge, battery, caligraphic pen, compass set, eyeliner, fork, glass cutter, indian ink, koche\u2019s clamp, letteropener, lipliner, matches, padlock,\u00a0<\/span><span style=\\\"font-family: helvetica, sans-serif;\\\">pen knife, photogrpah, preparation needle, pulver spatula, rubber, sewing kit, seal stamp, test tube, triangle, triangular metal rule, tweazers,\u00a0<\/span><span style=\\\"font-family: helvetica, sans-serif;\\\">vernier calipers, wax stick<br \/>2013<\/span><\/p>\"\r\n        },\r\n        {\r\n          \"type\": \"img\",\r\n          \"attid\": 25,\r\n          \"sizes\": {\r\n            \"_1920\": \"http:\/\/farishams.com\/home\/wp-content\/uploads\/2016\/09\/1-1-1920x1440.jpg\",\r\n            \"_1280\": \"http:\/\/farishams.com\/home\/wp-content\/uploads\/2016\/09\/1-1-1280x960.jpg\",\r\n            \"_1024\": \"http:\/\/farishams.com\/home\/wp-content\/uploads\/2016\/09\/1-1-1024x768.jpg\",\r\n            \"_768\": \"http:\/\/farishams.com\/home\/wp-content\/uploads\/2016\/09\/1-1-768x576.jpg\",\r\n            \"_512\": \"http:\/\/farishams.com\/home\/wp-content\/uploads\/2016\/09\/1-1-512x384.jpg\",\r\n            \"_265\": \"http:\/\/farishams.com\/home\/wp-content\/uploads\/2016\/09\/1-1-265x199.jpg\",\r\n            \"full\": \"http:\/\/farishams.com\/home\/wp-content\/uploads\/2016\/09\/1-1.jpg\"\r\n          },\r\n          \"cont\": \"http:\/\/farishams.com\/home\/wp-content\/uploads\/2016\/09\/1-1-1920x1440.jpg\",\r\n          \"ar\": 0.7499118165784833,\r\n          \"ix\": 1,\r\n          \"orientation\": \"landscape\",\r\n          \"caption\": \"<p>\u00a0<\/p><p><span style=\\\"font-family: helvetica, sans-serif;\\\">Batterie, Brief\u00f6ffner, Button, Dreikantlineal, Foto, Gabel, Glasschneider, Kajalstift, Kalligraphiestift, Klappmesser, Kochklemmer, Lippenstift, N\u00e4hzeug, Messschieber, Pinzette, Pr\u00e4pariernadel, Pulverspatel, Radiergummi, Reagenzzglas, Siegelstempel, Siegelwachs, Streichh\u00f6lzer, Triangel, Tusche, Verbandschere, Vorh\u00e4ngeschloss, Zirkelset<br \/>2013<\/span><\/p>\"\r\n        }\r\n      ],\r\n      \"type\": \"carousel\",\r\n      \"align\": \"bottom\",\r\n      \"carousel_options\": {\r\n        \"random\": false,\r\n        \"autoplay\": false,\r\n        \"customAspectRatio\": false,\r\n        \"customAspectRatioW\": 16,\r\n        \"customAspectRatioH\": 9\r\n      },\r\n      \"row\": 0,\r\n      \"col\": 0,\r\n      \"colspan\": 12,\r\n      \"offsetx\": 0,\r\n      \"offsety\": 0,\r\n      \"spaceabove\": 0,\r\n      \"spacebelow\": 0,\r\n      \"yvel\": 0,\r\n      \"push\": 0\r\n    }\r\n  ]\r\n}","phonegrid":"","_links":{"self":[{"href":"https:\/\/farishams.com\/home\/wp-json\/wp\/v2\/pages\/73","targetHints":{"allow":["GET"]}}],"collection":[{"href":"https:\/\/farishams.com\/home\/wp-json\/wp\/v2\/pages"}],"about":[{"href":"https:\/\/farishams.com\/home\/wp-json\/wp\/v2\/types\/page"}],"author":[{"embeddable":true,"href":"https:\/\/farishams.com\/home\/wp-json\/wp\/v2\/users\/1"}],"replies":[{"embeddable":true,"href":"https:\/\/farishams.com\/home\/wp-json\/wp\/v2\/comments?post=73"}],"version-history":[{"count":0,"href":"https:\/\/farishams.com\/home\/wp-json\/wp\/v2\/pages\/73\/revisions"}],"wp:attachment":[{"href":"https:\/\/farishams.com\/home\/wp-json\/wp\/v2\/media?parent=73"}],"curies":[{"name":"wp","href":"https:\/\/api.w.org\/{rel}","templated":true}]}}